{"id":1462,"date":"2020-02-26T14:01:39","date_gmt":"2020-02-26T14:01:39","guid":{"rendered":"https:\/\/www.item24.online\/?page_id=1462"},"modified":"2020-03-02T12:28:49","modified_gmt":"2020-03-02T12:28:49","slug":"envie-su-proyecto","status":"publish","type":"page","link":"https:\/\/www.item24.online\/es\/envie-su-proyecto\/","title":{"rendered":"Env\u00ede su proyecto"},"content":{"rendered":"<p><div class=\"fusion-fullwidth fullwidth-box fusion-builder-row-1 nonhundred-percent-fullwidth non-hundred-percent-height-scrolling\" style=\"--awb-border-radius-top-left:0px;--awb-border-radius-top-right:0px;--awb-border-radius-bottom-right:0px;--awb-border-radius-bottom-left:0px;--awb-padding-top:20px;--awb-padding-bottom:40px;--awb-border-sizes-top:0px;--awb-border-sizes-bottom:0px;--awb-flex-wrap:wrap;\" ><div class=\"fusion-builder-row fusion-row\"><div class=\"fusion-layout-column fusion_builder_column fusion-builder-column-0 fusion_builder_column_2_5 2_5 fusion-two-fifth fusion-column-first\" style=\"--awb-padding-top:0px;--awb-padding-right:10px;--awb-padding-bottom:30px;--awb-padding-left:0px;--awb-bg-size:cover;width:40%;width:calc(40% - ( ( 80px ) * 0.4 ) );margin-right: 80px;\"><div class=\"fusion-column-wrapper fusion-column-has-shadow fusion-flex-column-wrapper-legacy\"><div class=\"fusion-image-element in-legacy-container\" style=\"--awb-bottom-shadow-color:rgba(0,0,0,0.4);--awb-caption-title-font-family:var(--h2_typography-font-family);--awb-caption-title-font-weight:var(--h2_typography-font-weight);--awb-caption-title-font-style:var(--h2_typography-font-style);--awb-caption-title-size:var(--h2_typography-font-size);--awb-caption-title-transform:var(--h2_typography-text-transform);--awb-caption-title-line-height:var(--h2_typography-line-height);--awb-caption-title-letter-spacing:var(--h2_typography-letter-spacing);\"><div class=\"awb-image-frame awb-image-frame-1 awb-bottomshadow fusion-animated\" data-animationType=\"zoomInLeft\" data-animationDuration=\"0.3\" data-animationOffset=\"top-into-view\"><span class=\" fusion-imageframe imageframe-bottomshadow imageframe-1 hover-type-none\"><img decoding=\"async\" width=\"643\" height=\"400\" title=\"item_connects_2\" src=\"https:\/\/www.item24.online\/wp-content\/uploads\/2019\/10\/item_connects_2.png\" data-orig-src=\"https:\/\/www.item24.online\/wp-content\/uploads\/2019\/10\/item_connects_2.png\" alt class=\"lazyload img-responsive wp-image-1257\" srcset=\"data:image\/svg+xml,%3Csvg%20xmlns%3D%27http%3A%2F%2Fwww.w3.org%2F2000%2Fsvg%27%20width%3D%27643%27%20height%3D%27400%27%20viewBox%3D%270%200%20643%20400%27%3E%3Crect%20width%3D%27643%27%20height%3D%27400%27%20fill-opacity%3D%220%22%2F%3E%3C%2Fsvg%3E\" data-srcset=\"https:\/\/www.item24.online\/wp-content\/uploads\/2019\/10\/item_connects_2-200x124.png 200w, https:\/\/www.item24.online\/wp-content\/uploads\/2019\/10\/item_connects_2-400x249.png 400w, https:\/\/www.item24.online\/wp-content\/uploads\/2019\/10\/item_connects_2-600x373.png 600w, https:\/\/www.item24.online\/wp-content\/uploads\/2019\/10\/item_connects_2.png 643w\" data-sizes=\"auto\" data-orig-sizes=\"(max-width: 800px) 100vw, 600px\" \/><\/span><svg xmlns=\"http:\/\/www.w3.org\/2000\/svg\" version=\"1.1\" width=\"100%\" viewBox=\"0 0 600 28\" preserveAspectRatio=\"none\"><g clip-path=\"url(#a)\"><mask id=\"b\" style=\"mask-type:luminance\" maskUnits=\"userSpaceOnUse\" x=\"0\" y=\"0\" width=\"600\" height=\"28\"><path d=\"M0 0h600v28H0V0Z\" fill=\"#fff\"\/><\/mask><g filter=\"url(#c)\" mask=\"url(#b)\"><path d=\"M16.439-18.667h567.123v30.8S438.961-8.4 300-8.4C161.04-8.4 16.438 12.133 16.438 12.133v-30.8Z\" fill=\"#000\"\/><\/g><\/g><defs><clipPath id=\"a\"><path fill=\"#fff\" d=\"M0 0h600v28H0z\"\/><\/clipPath><filter id=\"c\" x=\"5.438\" y=\"-29.667\" width=\"589.123\" height=\"52.8\" filterUnits=\"userSpaceOnUse\" color-interpolation-filters=\"sRGB\"><feFlood flood-opacity=\"0\" result=\"BackgroundImageFix\"\/><feBlend in=\"SourceGraphic\" in2=\"BackgroundImageFix\" result=\"shape\"\/><feGaussianBlur stdDeviation=\"5.5\" result=\"effect1_foregroundBlur_3983_183\"\/><\/filter><\/defs><\/svg><\/div><\/div><div class=\"fusion-text fusion-text-1\"><h2><\/h2>\n<h1><span style=\"color: #0582a8;\">\u00a1Muestre su proyecto y gane!<\/span><\/h1>\n<p>\u00bfHa tenido \u00e9xito creando una soluci\u00f3n con item?<br \/>\nEntonces, \u00a1Mu\u00e9strenos su proyecto!<br \/>\nEstos proyectos se mostrar\u00e1n en nuestro sitio web, as\u00ed que poro favor aseg\u00farese de proteger cualquier informaci\u00f3n de propiedad antes de compartirla.<br \/>\nEnv\u00ede su informaci\u00f3n de contacto, un poco sobre su proyecto (por ejemplo: su prop\u00f3sito, c\u00f3mo funciona, etc.) y una imagen clara y \u00a1podr\u00edas ganar una tarjeta de regalo Visa de 100 d\u00f3lares!<br \/>\nEscogeremos una presentaci\u00f3n al azar.<\/p>\n<h4><strong>Tenga en cuenta:<\/strong><\/h4>\n<p>Antes de enviar los detalles del proyecto y los datos, por favor aseg\u00farese de aceptar nuestro s<a href=\"\/solution-center?page_id=1930\" target=\"_blank\" rel=\"noopener noreferrer\">t\u00e9rminos y condiciones<\/a>.<br \/>\nPor favor complete todos los campos del formulario.<br \/>\nPuedes usbir hasta 4 archivos (jpg, png, gif, doc\/docx &amp; pdf ) de no m\u00e1s de 5 MB casa uno.<br \/>\nSi tiene alg\u00fan problema o quiere enviarnos un video y otros archivos m\u00e1s grandes, por favor cont\u00e1ctenos directamente:<br \/>\n<a href=\"mailto:sales@item24.us\">sales@item24.us<\/a><\/p>\n<\/div><div class=\"fusion-clearfix\"><\/div><\/div><\/div><div class=\"fusion-layout-column fusion_builder_column fusion-builder-column-1 fusion_builder_column_3_5 3_5 fusion-three-fifth fusion-column-last\" style=\"--awb-padding-top:50px;--awb-padding-right:80px;--awb-padding-bottom:80px;--awb-padding-left:80px;--awb-bg-color:#e0e0e0;--awb-bg-color-hover:#e0e0e0;--awb-bg-size:cover;width:60%;width:calc(60% - ( ( 80px ) * 0.6 ) );\"><div class=\"fusion-column-wrapper fusion-column-has-shadow fusion-flex-column-wrapper-legacy\">[contact-form-7 id=\u00bb1928&#8243; \/]<div class=\"fusion-clearfix\"><\/div><\/div><\/div><\/div><\/div><div class=\"fusion-fullwidth fullwidth-box fusion-builder-row-2 nonhundred-percent-fullwidth non-hundred-percent-height-scrolling\" style=\"--awb-border-radius-top-left:0px;--awb-border-radius-top-right:0px;--awb-border-radius-bottom-right:0px;--awb-border-radius-bottom-left:0px;--awb-flex-wrap:wrap;\" ><div class=\"fusion-builder-row fusion-row\"><div class=\"fusion-layout-column fusion_builder_column fusion-builder-column-2 fusion_builder_column_1_1 1_1 fusion-one-full fusion-column-first fusion-column-last\" style=\"--awb-bg-size:cover;\"><div class=\"fusion-column-wrapper fusion-column-has-shadow fusion-flex-column-wrapper-legacy\"><div class=\"fusion-modal modal fade modal-1 terms\" tabindex=\"-1\" role=\"dialog\" aria-labelledby=\"modal-heading-1\" aria-hidden=\"true\" style=\"--awb-border-color:#0582a8;--awb-background:rgba(249,249,249,0.92);\"><div class=\"modal-dialog modal-lg\" role=\"document\"><div class=\"modal-content fusion-modal-content\"><div class=\"modal-header\"><button class=\"close\" type=\"button\" data-dismiss=\"modal\" aria-hidden=\"true\" aria-label=\"Close\">&times;<\/button><h3 class=\"modal-title\" id=\"modal-heading-1\" data-dismiss=\"modal\" aria-hidden=\"true\">Terms &amp; Conditions of Project Submission<\/h3><\/div><div class=\"modal-body fusion-clearfix\">\n<section>\n<h5>A. Rights to License<\/h5>\n<p>By submitting Content as defined below, you (\u201cContributor\u201d) irrevocably grant item America, LLC and its representatives, agents, licensees, successors and assigns, and those acting with the permission or authorization of any of them a perpetual, irrevocable, non-terminable, unconditional, non-exclusive, royalty-free, transferable, sub-licensable, worldwide license to use, publish, store, display, reproduce, modify, adapt, create derivative works from, perform publicly, distribute, and otherwise exploit the submitted Content for publicity, advertising, promotional, educational, or any other lawful commercial or non-commercial purpose (the \u201cLicensed Rights\u201d), all without compensation to Contributor.<\/p>\n<h5>B. Usage of Content<\/h5>\n<p>\u201cContent\u201d as it used in this license agreement means any image, photograph, picture, video, text, sound recording, or any portion thereof, uploaded by Contributor via the item America Solution Center website, including Contributor\u2019s image, voice, name, photograph, quotations, signature, and\/or other aspects of Contributor\u2019s likeness.<\/p>\n<p>By submitting Content, Contributor further agrees that item Americas&#8217; Licensed Rights apply to any and all depictions or recordings of the Content, in which Contributor may be included in whole or in part, whether composite or distorted in character or form, in conjunction with or without Contributor\u2019s name, or with a fictitious name or avatar, made through any medium or in any format now know or later developed, including electronic publishing.<\/p>\n<h5>C. Content Modification<\/h5>\n<p>item America reserves the right to remove or modify Content for any reason, including user Content that item America believes violates the item Americas&#8217; Website Terms of Use, its other policies, or any federal or state law. Following modification of Content, item America may retain the Content indefinitely and may continue use, publish, store, display, reproduce, modify, adapt, create derivative works from, perform publicly, distribute, and otherwise exploit your Content.<\/p>\n<p>Contributor hereby releases item America from, and otherwise waives any and all claims based upon or arising out of the use, reproduction, distribution, display, or performance of all or any part of any depiction or recordings made of or including the submitted Content, or any derivative thereof, including any claim of moral rights, copyright or trademark rights, right to privacy, or right of publicity.<\/p>\n<h5>D. Contributor Age\/Representation<\/h5>\n<p>The Contributor must be at least 18 years or older to submit Content. Representation is granted for parents of minors to submit on the Contributors behalf with a signed waiver.<\/p>\n<p>This is only an excerpt of our Terms &amp; Conditions.<br \/>\nPlease make sure to read the complete version <span style=\"color: #0582a8;\"><a style=\"color: #0582a8;\" href=\"\/solution-center?page_id=1930\">HERE<\/a><\/span>.<\/p>\n<\/section>\n<section>\u00a0<\/section>\n<\/div><div class=\"modal-footer\"><button class=\"fusion-button button-default button-medium button default medium\" type=\"button\" data-dismiss=\"modal\">Close<\/button><\/div><\/div><\/div><\/div><div class=\"fusion-clearfix\"><\/div><\/div><\/div><\/div><\/div><\/p>\n","protected":false},"excerpt":{"rendered":"","protected":false},"author":1,"featured_media":0,"parent":0,"menu_order":64,"comment_status":"closed","ping_status":"closed","template":"100-width.php","meta":{"_acf_changed":false,"footnotes":""},"class_list":["post-1462","page","type-page","status-publish","hentry"],"acf":[],"_links":{"self":[{"href":"https:\/\/www.item24.online\/es\/wp-json\/wp\/v2\/pages\/1462","targetHints":{"allow":["GET"]}}],"collection":[{"href":"https:\/\/www.item24.online\/es\/wp-json\/wp\/v2\/pages"}],"about":[{"href":"https:\/\/www.item24.online\/es\/wp-json\/wp\/v2\/types\/page"}],"author":[{"embeddable":true,"href":"https:\/\/www.item24.online\/es\/wp-json\/wp\/v2\/users\/1"}],"replies":[{"embeddable":true,"href":"https:\/\/www.item24.online\/es\/wp-json\/wp\/v2\/comments?post=1462"}],"version-history":[{"count":8,"href":"https:\/\/www.item24.online\/es\/wp-json\/wp\/v2\/pages\/1462\/revisions"}],"predecessor-version":[{"id":1929,"href":"https:\/\/www.item24.online\/es\/wp-json\/wp\/v2\/pages\/1462\/revisions\/1929"}],"wp:attachment":[{"href":"https:\/\/www.item24.online\/es\/wp-json\/wp\/v2\/media?parent=1462"}],"curies":[{"name":"wp","href":"https:\/\/api.w.org\/{rel}","templated":true}]}}